{"id":459,"date":"2022-06-03T08:35:43","date_gmt":"2022-06-03T08:35:43","guid":{"rendered":"https:\/\/sportano.hu\/blog\/?page_id=459"},"modified":"2022-06-03T08:35:43","modified_gmt":"2022-06-03T08:35:43","slug":"szerkesztok","status":"publish","type":"page","link":"https:\/\/sportano.hu\/blog\/szerkesztok\/","title":{"rendered":"Szerkeszt\u0151k"},"content":{"rendered":"\n<p><strong>A sportos \u00e9letm\u00f3d ir\u00e1nti szenved\u00e9llyel<\/strong><\/p>\n\n\n\n<p>A Sportano.hu blog csapata szenved\u00e9lyes sportol\u00f3kb\u00f3l \u00e9s az akt\u00edv kikapcsol\u00f3d\u00e1s szerelmeseib\u0151l, valamint az e-commerce szak\u00e9rt\u0151ib\u0151l \u00e1ll. Tud\u00e1sunkkal \u00e9s tapasztalatunkkal szeretn\u00e9nk megfert\u0151zni a kezd\u0151ket a sport energi\u00e1j\u00e1val, valamint motiv\u00e1lni \u00e9s t\u00e1mogatni a rajong\u00f3kat \u00e9s a profikat abban, hogy a legmagasabb szintre emelj\u00e9k eredm\u00e9nyeiket.<\/p>\n\n\n\n<p>Sz\u00e1munkra a testmozg\u00e1s nemcsak az eg\u00e9szs\u00e9ges \u00e9s fitt alkatot jelenti, hanem \u00e9letm\u00f3dot, szenved\u00e9lyt \u00e9s a szabadid\u0151 elt\u00f6lt\u00e9s\u00e9nek m\u00f3dj\u00e1t is. Szeretn\u00e9nk b\u00e1tor\u00edtani, hogy v\u00e1llaljatok sportos kih\u00edv\u00e1sokat, \u00e9s szurkolni nektek, hogy legy\u0151zz\u00e9tek&nbsp; gyenges\u00e9geiteket.<\/p>\n","protected":false},"excerpt":{"rendered":"<p>A sportos \u00e9letm\u00f3d ir\u00e1nti szenved\u00e9llyel A Sportano.hu blog csapata szenved\u00e9lyes sportol\u00f3kb\u00f3l \u00e9s az akt\u00edv kikapcsol\u00f3d\u00e1s szerelmeseib\u0151l, valamint az e-commerce szak\u00e9rt\u0151ib\u0151l \u00e1ll. Tud\u00e1sunkkal \u00e9s tapasztalatunkkal szeretn\u00e9nk megfert\u0151zni a kezd\u0151ket a sport energi\u00e1j\u00e1val, valamint motiv\u00e1lni \u00e9s t\u00e1mogatni a rajong\u00f3kat \u00e9s a profikat abban, hogy a legmagasabb szintre emelj\u00e9k eredm\u00e9nyeiket. Sz\u00e1munkra a testmozg\u00e1s nemcsak az eg\u00e9szs\u00e9ges \u00e9s fitt [&hellip;]<\/p>\n","protected":false},"author":7,"featured_media":460,"parent":0,"menu_order":0,"comment_status":"closed","ping_status":"closed","template":"","meta":{"_acf_changed":false,"footnotes":""},"class_list":["post-459","page","type-page","status-publish","has-post-thumbnail","hentry"],"acf":[],"yoast_head":"<!-- This site is optimized with the Yoast SEO plugin v27.1.1 - https:\/\/yoast.com\/product\/yoast-seo-wordpress\/ -->\n<title>Szerkeszt\u0151k - Sportano.hu Blog<\/title>\n<meta name=\"robots\" content=\"index, follow, max-snippet:-1, max-image-preview:large, max-video-preview:-1\" \/>\n<link rel=\"canonical\" href=\"https:\/\/sportano.hu\/blog\/szerkesztok\/\" \/>\n<meta property=\"og:locale\" content=\"hu_HU\" \/>\n<meta property=\"og:type\" content=\"article\" \/>\n<meta property=\"og:title\" content=\"Szerkeszt\u0151k - Sportano.hu Blog\" \/>\n<meta property=\"og:description\" content=\"A sportos \u00e9letm\u00f3d ir\u00e1nti szenved\u00e9llyel A Sportano.hu blog csapata szenved\u00e9lyes sportol\u00f3kb\u00f3l \u00e9s az akt\u00edv kikapcsol\u00f3d\u00e1s szerelmeseib\u0151l, valamint az e-commerce szak\u00e9rt\u0151ib\u0151l \u00e1ll. Tud\u00e1sunkkal \u00e9s tapasztalatunkkal szeretn\u00e9nk megfert\u0151zni a kezd\u0151ket a sport energi\u00e1j\u00e1val, valamint motiv\u00e1lni \u00e9s t\u00e1mogatni a rajong\u00f3kat \u00e9s a profikat abban, hogy a legmagasabb szintre emelj\u00e9k eredm\u00e9nyeiket. Sz\u00e1munkra a testmozg\u00e1s nemcsak az eg\u00e9szs\u00e9ges \u00e9s fitt [&hellip;]\" \/>\n<meta property=\"og:url\" content=\"https:\/\/sportano.hu\/blog\/szerkesztok\/\" \/>\n<meta property=\"og:image\" content=\"http:\/\/sportano.hu\/blog\/wp-content\/uploads\/2022\/06\/o_nas-scaled.jpg\" \/>\n\t<meta property=\"og:image:width\" content=\"2560\" \/>\n\t<meta property=\"og:image:height\" content=\"1707\" \/>\n\t<meta property=\"og:image:type\" content=\"image\/jpeg\" \/>\n<meta name=\"twitter:card\" content=\"summary_large_image\" \/>\n<meta name=\"twitter:label1\" content=\"Becs\u00fclt olvas\u00e1si id\u0151\" \/>\n\t<meta name=\"twitter:data1\" content=\"1 perc\" \/>\n<!-- \/ Yoast SEO plugin. -->","yoast_head_json":{"title":"Szerkeszt\u0151k - Sportano.hu Blog","robots":{"index":"index","follow":"follow","max-snippet":"max-snippet:-1","max-image-preview":"max-image-preview:large","max-video-preview":"max-video-preview:-1"},"canonical":"https:\/\/sportano.hu\/blog\/szerkesztok\/","og_locale":"hu_HU","og_type":"article","og_title":"Szerkeszt\u0151k - Sportano.hu Blog","og_description":"A sportos \u00e9letm\u00f3d ir\u00e1nti szenved\u00e9llyel A Sportano.hu blog csapata szenved\u00e9lyes sportol\u00f3kb\u00f3l \u00e9s az akt\u00edv kikapcsol\u00f3d\u00e1s szerelmeseib\u0151l, valamint az e-commerce szak\u00e9rt\u0151ib\u0151l \u00e1ll. Tud\u00e1sunkkal \u00e9s tapasztalatunkkal szeretn\u00e9nk megfert\u0151zni a kezd\u0151ket a sport energi\u00e1j\u00e1val, valamint motiv\u00e1lni \u00e9s t\u00e1mogatni a rajong\u00f3kat \u00e9s a profikat abban, hogy a legmagasabb szintre emelj\u00e9k eredm\u00e9nyeiket. Sz\u00e1munkra a testmozg\u00e1s nemcsak az eg\u00e9szs\u00e9ges \u00e9s fitt [&hellip;]","og_url":"https:\/\/sportano.hu\/blog\/szerkesztok\/","og_image":[{"width":2560,"height":1707,"url":"http:\/\/sportano.hu\/blog\/wp-content\/uploads\/2022\/06\/o_nas-scaled.jpg","type":"image\/jpeg"}],"twitter_card":"summary_large_image","twitter_misc":{"Becs\u00fclt olvas\u00e1si id\u0151":"1 perc"},"schema":{"@context":"https:\/\/schema.org","@graph":[{"@type":"WebPage","@id":"https:\/\/sportano.hu\/blog\/szerkesztok\/","url":"https:\/\/sportano.hu\/blog\/szerkesztok\/","name":"Szerkeszt\u0151k - Sportano.hu Blog","isPartOf":{"@id":"https:\/\/sportano.hu\/blog\/#website"},"primaryImageOfPage":{"@id":"https:\/\/sportano.hu\/blog\/szerkesztok\/#primaryimage"},"image":{"@id":"https:\/\/sportano.hu\/blog\/szerkesztok\/#primaryimage"},"thumbnailUrl":"https:\/\/sportano.hu\/blog\/wp-content\/uploads\/2022\/06\/o_nas-scaled.jpg","datePublished":"2022-06-03T08:35:43+00:00","breadcrumb":{"@id":"https:\/\/sportano.hu\/blog\/szerkesztok\/#breadcrumb"},"inLanguage":"hu","potentialAction":[{"@type":"ReadAction","target":["https:\/\/sportano.hu\/blog\/szerkesztok\/"]}]},{"@type":"ImageObject","inLanguage":"hu","@id":"https:\/\/sportano.hu\/blog\/szerkesztok\/#primaryimage","url":"https:\/\/sportano.hu\/blog\/wp-content\/uploads\/2022\/06\/o_nas-scaled.jpg","contentUrl":"https:\/\/sportano.hu\/blog\/wp-content\/uploads\/2022\/06\/o_nas-scaled.jpg","width":2560,"height":1707,"caption":"T\u00far\u00e1z\u00f3k csoportja hegytet\u0151n \u00fcnnepel"},{"@type":"BreadcrumbList","@id":"https:\/\/sportano.hu\/blog\/szerkesztok\/#breadcrumb","itemListElement":[{"@type":"ListItem","position":1,"name":"F\u0151oldal","item":"https:\/\/sportano.hu\/blog\/"},{"@type":"ListItem","position":2,"name":"Szerkeszt\u0151k"}]},{"@type":"WebSite","@id":"https:\/\/sportano.hu\/blog\/#website","url":"https:\/\/sportano.hu\/blog\/","name":"","description":"","publisher":{"@id":"https:\/\/sportano.hu\/blog\/#organization"},"potentialAction":[{"@type":"SearchAction","target":{"@type":"EntryPoint","urlTemplate":"https:\/\/sportano.hu\/blog\/?s={search_term_string}"},"query-input":{"@type":"PropertyValueSpecification","valueRequired":true,"valueName":"search_term_string"}}],"inLanguage":"hu"},{"@type":"Organization","@id":"https:\/\/sportano.hu\/blog\/#organization","name":"Sportano.pl","url":"https:\/\/sportano.hu\/blog\/","logo":{"@type":"ImageObject","inLanguage":"hu","@id":"https:\/\/sportano.hu\/blog\/#\/schema\/logo\/image\/","url":"http:\/\/sportano.hu\/blog\/wp-content\/uploads\/2022\/04\/sportano-blog-logo.png","contentUrl":"http:\/\/sportano.hu\/blog\/wp-content\/uploads\/2022\/04\/sportano-blog-logo.png","width":1200,"height":200,"caption":"Sportano.pl"},"image":{"@id":"https:\/\/sportano.hu\/blog\/#\/schema\/logo\/image\/"}}]}},"_links":{"self":[{"href":"https:\/\/sportano.hu\/blog\/wp-json\/wp\/v2\/pages\/459","targetHints":{"allow":["GET"]}}],"collection":[{"href":"https:\/\/sportano.hu\/blog\/wp-json\/wp\/v2\/pages"}],"about":[{"href":"https:\/\/sportano.hu\/blog\/wp-json\/wp\/v2\/types\/page"}],"author":[{"embeddable":true,"href":"https:\/\/sportano.hu\/blog\/wp-json\/wp\/v2\/users\/7"}],"replies":[{"embeddable":true,"href":"https:\/\/sportano.hu\/blog\/wp-json\/wp\/v2\/comments?post=459"}],"version-history":[{"count":1,"href":"https:\/\/sportano.hu\/blog\/wp-json\/wp\/v2\/pages\/459\/revisions"}],"predecessor-version":[{"id":461,"href":"https:\/\/sportano.hu\/blog\/wp-json\/wp\/v2\/pages\/459\/revisions\/461"}],"wp:featuredmedia":[{"embeddable":true,"href":"https:\/\/sportano.hu\/blog\/wp-json\/wp\/v2\/media\/460"}],"wp:attachment":[{"href":"https:\/\/sportano.hu\/blog\/wp-json\/wp\/v2\/media?parent=459"}],"curies":[{"name":"wp","href":"https:\/\/api.w.org\/{rel}","templated":true}]}}