{"id":462,"date":"2022-06-03T08:37:13","date_gmt":"2022-06-03T08:37:13","guid":{"rendered":"https:\/\/sportano.hu\/blog\/?page_id=462"},"modified":"2022-06-03T08:37:13","modified_gmt":"2022-06-03T08:37:13","slug":"kapcsolat","status":"publish","type":"page","link":"https:\/\/sportano.hu\/blog\/kapcsolat\/","title":{"rendered":"Kapcsolat"},"content":{"rendered":"\n<p><br>K\u00e9rd\u00e9se van egy adott cikkel kapcsolatban? V\u00e1laszt keres egy sporttal kapcsolatos k\u00e9rd\u00e9sre, vagy inform\u00e1ci\u00f3ra van sz\u00fcks\u00e9ge egy bejegyz\u00e9sben eml\u00edtett term\u00e9kr\u0151l? Vagy esetleg egy konkr\u00e9t t\u00e9m\u00e1t szeretne felvetni a blogon?<\/p>\n\n\n\n<p>\u00cdrjon nek\u00fcnk k\u00f6zvetlen\u00fcl a k\u00f6vetkez\u0151 c\u00edmre: <a href=\"mailto:kapcsolat@sportano.hu\" target=\"_blank\" rel=\"noreferrer noopener\">kapcsolat@sportano.hu<\/a><\/p>\n","protected":false},"excerpt":{"rendered":"<p>K\u00e9rd\u00e9se van egy adott cikkel kapcsolatban? V\u00e1laszt keres egy sporttal kapcsolatos k\u00e9rd\u00e9sre, vagy inform\u00e1ci\u00f3ra van sz\u00fcks\u00e9ge egy bejegyz\u00e9sben eml\u00edtett term\u00e9kr\u0151l? Vagy esetleg egy konkr\u00e9t t\u00e9m\u00e1t szeretne felvetni a blogon? \u00cdrjon nek\u00fcnk k\u00f6zvetlen\u00fcl a k\u00f6vetkez\u0151 c\u00edmre: kapcsolat@sportano.hu<\/p>\n","protected":false},"author":7,"featured_media":0,"parent":0,"menu_order":0,"comment_status":"closed","ping_status":"closed","template":"","meta":{"_acf_changed":false,"footnotes":""},"class_list":["post-462","page","type-page","status-publish","hentry"],"acf":[],"yoast_head":"<!-- This site is optimized with the Yoast SEO plugin v27.1.1 - https:\/\/yoast.com\/product\/yoast-seo-wordpress\/ -->\n<title>Kapcsolat - Sportano.hu Blog<\/title>\n<meta name=\"robots\" content=\"index, follow, max-snippet:-1, max-image-preview:large, max-video-preview:-1\" \/>\n<link rel=\"canonical\" href=\"https:\/\/sportano.hu\/blog\/kapcsolat\/\" \/>\n<meta property=\"og:locale\" content=\"hu_HU\" \/>\n<meta property=\"og:type\" content=\"article\" \/>\n<meta property=\"og:title\" content=\"Kapcsolat - Sportano.hu Blog\" \/>\n<meta property=\"og:description\" content=\"K\u00e9rd\u00e9se van egy adott cikkel kapcsolatban? V\u00e1laszt keres egy sporttal kapcsolatos k\u00e9rd\u00e9sre, vagy inform\u00e1ci\u00f3ra van sz\u00fcks\u00e9ge egy bejegyz\u00e9sben eml\u00edtett term\u00e9kr\u0151l? Vagy esetleg egy konkr\u00e9t t\u00e9m\u00e1t szeretne felvetni a blogon? \u00cdrjon nek\u00fcnk k\u00f6zvetlen\u00fcl a k\u00f6vetkez\u0151 c\u00edmre: kapcsolat@sportano.hu\" \/>\n<meta property=\"og:url\" content=\"https:\/\/sportano.hu\/blog\/kapcsolat\/\" \/>\n<meta name=\"twitter:card\" content=\"summary_large_image\" \/>\n<meta name=\"twitter:label1\" content=\"Becs\u00fclt olvas\u00e1si id\u0151\" \/>\n\t<meta name=\"twitter:data1\" content=\"1 perc\" \/>\n<!-- \/ Yoast SEO plugin. -->","yoast_head_json":{"title":"Kapcsolat - Sportano.hu Blog","robots":{"index":"index","follow":"follow","max-snippet":"max-snippet:-1","max-image-preview":"max-image-preview:large","max-video-preview":"max-video-preview:-1"},"canonical":"https:\/\/sportano.hu\/blog\/kapcsolat\/","og_locale":"hu_HU","og_type":"article","og_title":"Kapcsolat - Sportano.hu Blog","og_description":"K\u00e9rd\u00e9se van egy adott cikkel kapcsolatban? V\u00e1laszt keres egy sporttal kapcsolatos k\u00e9rd\u00e9sre, vagy inform\u00e1ci\u00f3ra van sz\u00fcks\u00e9ge egy bejegyz\u00e9sben eml\u00edtett term\u00e9kr\u0151l? Vagy esetleg egy konkr\u00e9t t\u00e9m\u00e1t szeretne felvetni a blogon? \u00cdrjon nek\u00fcnk k\u00f6zvetlen\u00fcl a k\u00f6vetkez\u0151 c\u00edmre: kapcsolat@sportano.hu","og_url":"https:\/\/sportano.hu\/blog\/kapcsolat\/","twitter_card":"summary_large_image","twitter_misc":{"Becs\u00fclt olvas\u00e1si id\u0151":"1 perc"},"schema":{"@context":"https:\/\/schema.org","@graph":[{"@type":"WebPage","@id":"https:\/\/sportano.hu\/blog\/kapcsolat\/","url":"https:\/\/sportano.hu\/blog\/kapcsolat\/","name":"Kapcsolat - Sportano.hu Blog","isPartOf":{"@id":"https:\/\/sportano.hu\/blog\/#website"},"datePublished":"2022-06-03T08:37:13+00:00","breadcrumb":{"@id":"https:\/\/sportano.hu\/blog\/kapcsolat\/#breadcrumb"},"inLanguage":"hu","potentialAction":[{"@type":"ReadAction","target":["https:\/\/sportano.hu\/blog\/kapcsolat\/"]}]},{"@type":"BreadcrumbList","@id":"https:\/\/sportano.hu\/blog\/kapcsolat\/#breadcrumb","itemListElement":[{"@type":"ListItem","position":1,"name":"F\u0151oldal","item":"https:\/\/sportano.hu\/blog\/"},{"@type":"ListItem","position":2,"name":"Kapcsolat"}]},{"@type":"WebSite","@id":"https:\/\/sportano.hu\/blog\/#website","url":"https:\/\/sportano.hu\/blog\/","name":"","description":"","publisher":{"@id":"https:\/\/sportano.hu\/blog\/#organization"},"potentialAction":[{"@type":"SearchAction","target":{"@type":"EntryPoint","urlTemplate":"https:\/\/sportano.hu\/blog\/?s={search_term_string}"},"query-input":{"@type":"PropertyValueSpecification","valueRequired":true,"valueName":"search_term_string"}}],"inLanguage":"hu"},{"@type":"Organization","@id":"https:\/\/sportano.hu\/blog\/#organization","name":"Sportano.pl","url":"https:\/\/sportano.hu\/blog\/","logo":{"@type":"ImageObject","inLanguage":"hu","@id":"https:\/\/sportano.hu\/blog\/#\/schema\/logo\/image\/","url":"http:\/\/sportano.hu\/blog\/wp-content\/uploads\/2022\/04\/sportano-blog-logo.png","contentUrl":"http:\/\/sportano.hu\/blog\/wp-content\/uploads\/2022\/04\/sportano-blog-logo.png","width":1200,"height":200,"caption":"Sportano.pl"},"image":{"@id":"https:\/\/sportano.hu\/blog\/#\/schema\/logo\/image\/"}}]}},"_links":{"self":[{"href":"https:\/\/sportano.hu\/blog\/wp-json\/wp\/v2\/pages\/462","targetHints":{"allow":["GET"]}}],"collection":[{"href":"https:\/\/sportano.hu\/blog\/wp-json\/wp\/v2\/pages"}],"about":[{"href":"https:\/\/sportano.hu\/blog\/wp-json\/wp\/v2\/types\/page"}],"author":[{"embeddable":true,"href":"https:\/\/sportano.hu\/blog\/wp-json\/wp\/v2\/users\/7"}],"replies":[{"embeddable":true,"href":"https:\/\/sportano.hu\/blog\/wp-json\/wp\/v2\/comments?post=462"}],"version-history":[{"count":1,"href":"https:\/\/sportano.hu\/blog\/wp-json\/wp\/v2\/pages\/462\/revisions"}],"predecessor-version":[{"id":463,"href":"https:\/\/sportano.hu\/blog\/wp-json\/wp\/v2\/pages\/462\/revisions\/463"}],"wp:attachment":[{"href":"https:\/\/sportano.hu\/blog\/wp-json\/wp\/v2\/media?parent=462"}],"curies":[{"name":"wp","href":"https:\/\/api.w.org\/{rel}","templated":true}]}}